{"id":356,"date":"2020-11-08T14:01:09","date_gmt":"2020-11-08T14:01:09","guid":{"rendered":"https:\/\/awe-ev.org\/?page_id=356"},"modified":"2021-01-28T22:30:16","modified_gmt":"2021-01-28T22:30:16","slug":"sponsors","status":"publish","type":"page","link":"https:\/\/awe-ev.org\/?page_id=356","title":{"rendered":"Partners &#038; Sponsors"},"content":{"rendered":"\n<p class=\"has-text-align-left\">This is a wide range of private individuals, organizations and institutions that support the AWE-Team morally and financially to achieve their goals and objectives.  They consist of:<\/p>\n\n\n\n<p class=\"has-text-align-center\">\u2022 Cooperation partners<br>\u2022 Sponsors<br>\u2022 Donors<\/p>\n\n\n\n<hr class=\"wp-block-separator is-style-dots\"\/>\n\n\n\n<div class=\"wp-block-media-text alignwide is-stacked-on-mobile\" style=\"grid-template-columns:46% auto\"><figure class=\"wp-block-media-text__media\"><img loading=\"lazy\" decoding=\"async\" width=\"1349\" height=\"790\" src=\"https:\/\/awe-ev.org\/wp-content\/uploads\/2021\/01\/bugenhagen.png\" alt=\"\" class=\"wp-image-559\"\/><\/figure><div class=\"wp-block-media-text__content\">\n<p><strong>Ev.-luth. Bugenhagengemeinde in Hamburg-R\u00f6nneburg<\/strong><\/p>\n\n\n\n<p>Bugenhagen church supports many projects in third world countries, including the projects of AWE e.V.<br><br>R\u00f6nneburger Stra\u00dfe 48<br>21079 Hamburg<br>Tel.: +49 40 7632435<br>Fax: +49 40 76114322<br><a href=\"mailto:bugenhagen@web.de\">bugenhagen@web.de<\/a><br><a href=\"https:\/\/www.bugenhagengemeinde.com\" data-type=\"URL\" data-id=\"https:\/\/www.bugenhagengemeinde.com\">www.bugenhagengemeinde.com<\/a><\/p>\n<\/div><\/div>\n\n\n\n<hr class=\"wp-block-separator is-style-dots\"\/>\n\n\n\n<div class=\"wp-block-media-text alignwide has-media-on-the-right is-stacked-on-mobile\" style=\"grid-template-columns:auto 39%\"><figure class=\"wp-block-media-text__media\"><img loading=\"lazy\" decoding=\"async\" width=\"447\" height=\"431\" src=\"https:\/\/awe-ev.org\/wp-content\/uploads\/2021\/01\/scew.png\" alt=\"\" class=\"wp-image-576\" srcset=\"https:\/\/awe-ev.org\/wp-content\/uploads\/2021\/01\/scew.png 447w, https:\/\/awe-ev.org\/wp-content\/uploads\/2021\/01\/scew-300x289.png 300w\" sizes=\"auto, (max-width: 447px) 100vw, 447px\" \/><\/figure><div class=\"wp-block-media-text__content\">\n<p><strong>Southern Cameroons European Women e.V.<\/strong><\/p>\n\n\n\n<p>Email: <a href=\"mailto:info@scew-taks.org\">info@scew-taks.org<\/a><br>Website: <a href=\"http:\/\/www.scew-taks.org\/\" data-type=\"URL\" data-id=\"http:\/\/www.scew-taks.org\/\">www.scew-taks.org<\/a><br>Tel: +49 -157 3097 1504<\/p>\n\n\n\n<p>Jupiterstr. 71<br>47179 Duisburg<br>Germany<\/p>\n<\/div><\/div>\n\n\n\n<hr class=\"wp-block-separator is-style-dots\"\/>\n\n\n\n<div class=\"wp-block-media-text alignwide is-stacked-on-mobile\" style=\"grid-template-columns:24% auto\"><figure class=\"wp-block-media-text__media\"><img loading=\"lazy\" decoding=\"async\" width=\"263\" height=\"244\" src=\"https:\/\/awe-ev.org\/wp-content\/uploads\/2021\/01\/higlos.png\" alt=\"\" class=\"wp-image-578\"\/><\/figure><div class=\"wp-block-media-text__content\">\n<p><strong>Higher Glory Society (Community Based NGO)<\/strong><br>Giving life a meaning to someone in need<br><br>P.O. Box 72<br>Bamenda<br>NWR Cameroon<br>Email: <a href=\"mailto:higlosngo@gmail.com\">higlosngo@gmail.com<\/a><br>Tel: 00237-6729 4053<\/p>\n<\/div><\/div>\n\n\n\n<hr class=\"wp-block-separator is-style-dots\"\/>\n\n\n\n<div class=\"wp-block-media-text alignwide has-media-on-the-right is-stacked-on-mobile\" style=\"grid-template-columns:auto 49%\"><figure class=\"wp-block-media-text__media\"><img loading=\"lazy\" decoding=\"async\" width=\"1080\" height=\"551\" src=\"https:\/\/awe-ev.org\/wp-content\/uploads\/2021\/01\/heroes_f.png\" alt=\"\" class=\"wp-image-587\"\/><\/figure><div class=\"wp-block-media-text__content\">\n<p><strong>Heroes Foundation International<\/strong><br><br>Bamenda<br>NWR Cameroon<br>Email: <a href=\"mailto:heroesmagamba@gmail.com\">heroesmagamba@gmail.com<\/a><br>Twitter: <a href=\"https:\/\/twitter.com\/heroesfoundatio\">twitter.com\/heroesfoundatio<\/a><br>Tel: 00237- 677 987 824<\/p>\n<\/div><\/div>\n\n\n\n<hr class=\"wp-block-separator is-style-dots\"\/>\n\n\n\n<div class=\"wp-block-media-text alignwide is-stacked-on-mobile\" style=\"grid-template-columns:31% auto\"><figure class=\"wp-block-media-text__media\"><img loading=\"lazy\" decoding=\"async\" width=\"465\" height=\"464\" src=\"https:\/\/awe-ev.org\/wp-content\/uploads\/2021\/01\/ogoja.png\" alt=\"\" class=\"wp-image-581\" srcset=\"https:\/\/awe-ev.org\/wp-content\/uploads\/2021\/01\/ogoja.png 465w, https:\/\/awe-ev.org\/wp-content\/uploads\/2021\/01\/ogoja-300x300.png 300w, https:\/\/awe-ev.org\/wp-content\/uploads\/2021\/01\/ogoja-150x150.png 150w\" sizes=\"auto, (max-width: 465px) 100vw, 465px\" \/><\/figure><div class=\"wp-block-media-text__content\">\n<p>Catholic Diocess of Ogoja<\/p>\n\n\n\n<p><strong>Ogoja Justice, Development and Peace Foundation<\/strong><br><br>Dioscesan secretariat<br>PM B 166 Ogoja<br>C.R.S Nigeria<br>Phone: 0701 6160 171 &amp; 0708 732 9111<br>Email: <a href=\"mailto:jdpcogoja@gmail.com\">jdpcogoja@gmail.com<\/a><\/p>\n<\/div><\/div>\n\n\n\n<hr class=\"wp-block-separator is-style-dots\"\/>\n\n\n\n<div class=\"wp-block-media-text alignwide has-media-on-the-right is-stacked-on-mobile\"><figure class=\"wp-block-media-text__media\"><img loading=\"lazy\" decoding=\"async\" width=\"851\" height=\"298\" src=\"https:\/\/awe-ev.org\/wp-content\/uploads\/2021\/01\/lamplight_smaller.png\" alt=\"\" class=\"wp-image-583\"\/><\/figure><div class=\"wp-block-media-text__content\">\n<p><strong>Lamp Light Centre (LLC)<\/strong><br><br>Women\u2019s Hall, Ndab\u2019ngom<br>Nyasoso Tombel Sub-Division<br>SWR Cameroon<br>Tel: 653.105.210<br>Email:<br><a href=\"mailto:leslie.emeh.njume@gmail.com\">leslie.emeh.njume@gmail.com<\/a><br><a href=\"mailto:lamplightcentre@gmail.com\">lamplightcentre@gmail.com<\/a><\/p>\n<\/div><\/div>\n\n\n\n<hr class=\"wp-block-separator is-style-dots\"\/>\n\n\n\n<div class=\"wp-block-media-text alignwide is-stacked-on-mobile\" style=\"grid-template-columns:29% auto\"><figure class=\"wp-block-media-text__media\"><img loading=\"lazy\" decoding=\"async\" width=\"561\" height=\"507\" src=\"https:\/\/awe-ev.org\/wp-content\/uploads\/2021\/01\/joyfound.png\" alt=\"\" class=\"wp-image-593\" srcset=\"https:\/\/awe-ev.org\/wp-content\/uploads\/2021\/01\/joyfound.png 561w, https:\/\/awe-ev.org\/wp-content\/uploads\/2021\/01\/joyfound-300x271.png 300w\" sizes=\"auto, (max-width: 561px) 100vw, 561px\" \/><\/figure><div class=\"wp-block-media-text__content\">\n<p><strong>Joy Foundation (JoyFod)<\/strong><br><br>Molyko \u2013 Buea SWR Cameroon<br>Tel: 00237 670 244 303<br>Email: <a href=\"mailto:jofod.org@gmail.com\">jofod.org@gmail.com<\/a><br><a href=\"https:\/\/www.facebook.com\/joyfodl\/\" data-type=\"URL\" data-id=\"https:\/\/www.facebook.com\/joyfodl\/\">facebook.com\/joyfodl<\/a><\/p>\n<\/div><\/div>\n\n\n\n<hr class=\"wp-block-separator is-style-dots\"\/>\n\n\n\n<p><\/p>\n","protected":false},"excerpt":{"rendered":"<p>This is a wide range of private individuals, organizations and institutions that support the AWE-Team morally and financially to achieve their goals and objectives. They consist of: \u2022 Cooperation partners\u2022 Sponsors\u2022 Donors Ev.-luth. Bugenhagengemeinde in Hamburg-R\u00f6nneburg Bugenhagen church supports many projects in third world countries, including the projects of AWE e.V. R\u00f6nneburger Stra\u00dfe 4821079 HamburgTel.: [&hellip;]<\/p>\n","protected":false},"author":1,"featured_media":0,"parent":82,"menu_order":1,"comment_status":"closed","ping_status":"closed","template":"","meta":{"inline_featured_image":false,"footnotes":""},"class_list":["post-356","page","type-page","status-publish","hentry"],"_links":{"self":[{"href":"https:\/\/awe-ev.org\/index.php?rest_route=\/wp\/v2\/pages\/356","targetHints":{"allow":["GET"]}}],"collection":[{"href":"https:\/\/awe-ev.org\/index.php?rest_route=\/wp\/v2\/pages"}],"about":[{"href":"https:\/\/awe-ev.org\/index.php?rest_route=\/wp\/v2\/types\/page"}],"author":[{"embeddable":true,"href":"https:\/\/awe-ev.org\/index.php?rest_route=\/wp\/v2\/users\/1"}],"replies":[{"embeddable":true,"href":"https:\/\/awe-ev.org\/index.php?rest_route=%2Fwp%2Fv2%2Fcomments&post=356"}],"version-history":[{"count":20,"href":"https:\/\/awe-ev.org\/index.php?rest_route=\/wp\/v2\/pages\/356\/revisions"}],"predecessor-version":[{"id":600,"href":"https:\/\/awe-ev.org\/index.php?rest_route=\/wp\/v2\/pages\/356\/revisions\/600"}],"up":[{"embeddable":true,"href":"https:\/\/awe-ev.org\/index.php?rest_route=\/wp\/v2\/pages\/82"}],"wp:attachment":[{"href":"https:\/\/awe-ev.org\/index.php?rest_route=%2Fwp%2Fv2%2Fmedia&parent=356"}],"curies":[{"name":"wp","href":"https:\/\/api.w.org\/{rel}","templated":true}]}}